{"id":25961280,"date":"2024-02-27T16:04:47","date_gmt":"2024-02-27T15:04:47","guid":{"rendered":"https:\/\/njesusikastetxea.com\/galeria\/"},"modified":"2026-02-23T11:20:17","modified_gmt":"2026-02-23T10:20:17","slug":"galeria","status":"publish","type":"page","link":"https:\/\/njesusikastetxea.com\/eu\/familiak\/galeria\/","title":{"rendered":"Argazki-Galeria"},"content":{"rendered":"<p>[et_pb_section fb_built=&#8221;1&#8243; prev_background_color=&#8221;#FFFFFF&#8221; _builder_version=&#8221;4.24.0&#8243; _module_preset=&#8221;default&#8221; background_image=&#8221;https:\/\/njesusikastetxea.com\/wp-content\/uploads\/2024\/02\/Mision-vision-y-valores-nino-jesus.jpg&#8221; height=&#8221;400px&#8221; height_tablet=&#8221;200px&#8221; height_phone=&#8221;200px&#8221; height_last_edited=&#8221;on|phone&#8221; top_divider_style=&#8221;wave2&#8243; top_divider_height=&#8221;77px&#8221; bottom_divider_repeat=&#8221;1x&#8221; global_colors_info=&#8221;{}&#8221;][et_pb_row _builder_version=&#8221;4.24.0&#8243; _module_preset=&#8221;default&#8221; global_colors_info=&#8221;{}&#8221;][et_pb_column type=&#8221;4_4&#8243; _builder_version=&#8221;4.24.0&#8243; _module_preset=&#8221;default&#8221; global_colors_info=&#8221;{}&#8221;][et_pb_post_title meta=&#8221;off&#8221; featured_image=&#8221;off&#8221; _builder_version=&#8221;4.24.0&#8243; _module_preset=&#8221;default&#8221; title_text_color=&#8221;#FFFFFF&#8221; title_font_size=&#8221;46px&#8221; meta_font=&#8221;|800|||||||&#8221; text_orientation=&#8221;center&#8221; custom_margin=&#8221;85px||||false|false&#8221; title_text_shadow_style=&#8221;preset2&#8243; global_colors_info=&#8221;{}&#8221;][\/et_pb_post_title][\/et_pb_column][\/et_pb_row][\/et_pb_section][et_pb_section fb_built=&#8221;1&#8243; _builder_version=&#8221;4.24.0&#8243; _module_preset=&#8221;default&#8221; background_color=&#8221;RGBA(255,255,255,0)&#8221; custom_margin=&#8221;0px||0px||false|false&#8221; custom_padding=&#8221;5px||0px||false|false&#8221; global_colors_info=&#8221;{}&#8221;][et_pb_row _builder_version=&#8221;4.24.0&#8243; _module_preset=&#8221;default&#8221; width=&#8221;95%&#8221; max_width=&#8221;100%&#8221; custom_margin=&#8221;0px||0px||false|false&#8221; custom_padding=&#8221;0px||0px||false|false&#8221; global_colors_info=&#8221;{}&#8221;][et_pb_column type=&#8221;4_4&#8243; _builder_version=&#8221;4.24.0&#8243; _module_preset=&#8221;default&#8221; global_colors_info=&#8221;{}&#8221;][dipi_breadcrumbs bc_home_icon=&#8221;on&#8221; bc_separator_icon=&#8221;&#x45;||divi||400&#8243; bc_post_type=&#8221;page&#8221; _builder_version=&#8221;4.24.0&#8243; _module_preset=&#8221;default&#8221; custom_margin=&#8221;||32px||false|false&#8221; global_colors_info=&#8221;{}&#8221;][\/dipi_breadcrumbs][\/et_pb_column][\/et_pb_row][et_pb_row _builder_version=&#8221;4.27.5&#8243; _module_preset=&#8221;default&#8221;][et_pb_column _builder_version=&#8221;4.27.5&#8243; _module_preset=&#8221;default&#8221; type=&#8221;4_4&#8243;][et_pb_text _builder_version=&#8221;4.27.5&#8243; _module_preset=&#8221;default&#8221; hover_enabled=&#8221;0&#8243; sticky_enabled=&#8221;0&#8243;]<\/p>\n<h1>En cumplimiento con la Ley Org\u00e1nica de protecci\u00f3n de datos el acceso a la galeria fotogr\u00e1fica queda restringido a las familias del centro.<\/h1>\n<p>[\/et_pb_text][\/et_pb_column][\/et_pb_row][et_pb_row column_structure=&#8221;1_3,1_3,1_3&#8243; _builder_version=&#8221;4.24.0&#8243; _module_preset=&#8221;default&#8221; width=&#8221;100%&#8221; max_width=&#8221;1598px&#8221; custom_margin=&#8221;||32px||false|false&#8221; custom_padding=&#8221;||0px||false|false&#8221; global_colors_info=&#8221;{}&#8221;][et_pb_column type=&#8221;1_3&#8243; _builder_version=&#8221;4.24.0&#8243; _module_preset=&#8221;default&#8221; global_colors_info=&#8221;{}&#8221;][\/et_pb_column][et_pb_column type=&#8221;1_3&#8243; _builder_version=&#8221;4.24.0&#8243; _module_preset=&#8221;default&#8221; global_colors_info=&#8221;{}&#8221;][\/et_pb_column][et_pb_column type=&#8221;1_3&#8243; _builder_version=&#8221;4.24.0&#8243; _module_preset=&#8221;default&#8221; global_colors_info=&#8221;{}&#8221;][\/et_pb_column][\/et_pb_row][\/et_pb_section]<\/p>\n","protected":false},"excerpt":{"rendered":"<p><div class=\"et_pb_module dipi_breadcrumbs dipi_breadcrumbs_0\">\n\t\t\t\t\n\t\t\t\t\n\t\t\t\t\n\t\t\t\t\n\t\t\t\t\n\t\t\t\t\n\t\t\t\t<div class=\"et_pb_module_inner\">\n\t\t\t\t\t<div class=\"dipi-breadcrumbs dipi-bc-left\">\n                <ul >\n                    \n                                                        <li  class=\"dipi-breadcrumb-item dipi-breadcrumb-home\">\n\n                                                    <a  href=\"https:\/\/njesusikastetxea.com\/eu\/\">\n                                <span  content=\"Home\">\n                                    <span class=\"et-pb-icon dipi-home-icon\"><\/span>                                    Colegio Ni\u00f1o Jes\u00fas Ikastetxea                                <\/span>\n                            <\/a>\n\n                                                <meta itemprop=\"position\" content=\"1\"\/>                    <\/li>\n\n                    <li class=\"dipi-breadcrumb-separator\">\n                    <span class=\"et-pb-icon dipi-separator-icon\">&#x45;<\/span>\n                <\/li>                            \n                <\/ul>\n            <\/div>\n\t\t\t\t<\/div>\n\t\t\t<\/div>En cumplimiento con la Ley Org\u00e1nica de protecci\u00f3n de datos el acceso a la galeria fotogr\u00e1fica queda restringido a las familias del centro.<\/p>\n","protected":false},"author":1,"featured_media":0,"parent":25961302,"menu_order":0,"comment_status":"closed","ping_status":"closed","template":"","meta":{"_et_pb_use_builder":"on","_et_pb_old_content":"","_et_gb_content_width":"","footnotes":""},"dipi_cpt_category":[],"class_list":["post-25961280","page","type-page","status-publish","hentry"],"_links":{"self":[{"href":"https:\/\/njesusikastetxea.com\/eu\/wp-json\/wp\/v2\/pages\/25961280","targetHints":{"allow":["GET"]}}],"collection":[{"href":"https:\/\/njesusikastetxea.com\/eu\/wp-json\/wp\/v2\/pages"}],"about":[{"href":"https:\/\/njesusikastetxea.com\/eu\/wp-json\/wp\/v2\/types\/page"}],"author":[{"embeddable":true,"href":"https:\/\/njesusikastetxea.com\/eu\/wp-json\/wp\/v2\/users\/1"}],"replies":[{"embeddable":true,"href":"https:\/\/njesusikastetxea.com\/eu\/wp-json\/wp\/v2\/comments?post=25961280"}],"version-history":[{"count":11,"href":"https:\/\/njesusikastetxea.com\/eu\/wp-json\/wp\/v2\/pages\/25961280\/revisions"}],"predecessor-version":[{"id":25963453,"href":"https:\/\/njesusikastetxea.com\/eu\/wp-json\/wp\/v2\/pages\/25961280\/revisions\/25963453"}],"up":[{"embeddable":true,"href":"https:\/\/njesusikastetxea.com\/eu\/wp-json\/wp\/v2\/pages\/25961302"}],"wp:attachment":[{"href":"https:\/\/njesusikastetxea.com\/eu\/wp-json\/wp\/v2\/media?parent=25961280"}],"wp:term":[{"taxonomy":"dipi_cpt_category","embeddable":true,"href":"https:\/\/njesusikastetxea.com\/eu\/wp-json\/wp\/v2\/dipi_cpt_category?post=25961280"}],"curies":[{"name":"wp","href":"https:\/\/api.w.org\/{rel}","templated":true}]}}