{"id":25961449,"date":"2024-01-31T16:45:00","date_gmt":"2024-01-31T15:45:00","guid":{"rendered":"https:\/\/njesusikastetxea.com\/politica-de-privacidad\/"},"modified":"2024-11-12T15:18:35","modified_gmt":"2024-11-12T14:18:35","slug":"pribatasun-politika","status":"publish","type":"page","link":"https:\/\/njesusikastetxea.com\/eu\/pribatasun-politika\/","title":{"rendered":"Pribatasun politika"},"content":{"rendered":"<p>[et_pb_section fb_built=&#8221;1&#8243; _builder_version=&#8221;4.24.0&#8243; _module_preset=&#8221;default&#8221; background_color=&#8221;RGBA(255,255,255,0)&#8221; global_colors_info=&#8221;{}&#8221;][et_pb_row _builder_version=&#8221;4.24.0&#8243; _module_preset=&#8221;default&#8221; global_colors_info=&#8221;{}&#8221;][et_pb_column type=&#8221;4_4&#8243; _builder_version=&#8221;4.24.0&#8243; _module_preset=&#8221;default&#8221; global_colors_info=&#8221;{}&#8221;][et_pb_text _builder_version=&#8221;4.24.0&#8243; _module_preset=&#8221;default&#8221; global_colors_info=&#8221;{}&#8221;]<\/p>\n<p><strong>Pol\u00edtica de Privacidad<\/strong><\/p>\n<p>Esta Pol\u00edtica de Privacidad tiene por objeto informar a los usuarios sobre la recogida y tratamiento de los datos personales obtenidos a trav\u00e9s de la web njesusikastetxea.com (en adelante \u201cel Sitio Web\u201d)<\/p>\n<p>El COLEGIO NI\u00d1O JES\u00daS IKASTETXEA cumple con las directrices del Reglamento (UE) 2016\/679 del Parlamento Europeo y del Consejo, de 27 de abril de 2016, relativo a la protecci\u00f3n de las personas f\u00edsicas en lo que respecta al tratamiento de datos personales y a la libre circulaci\u00f3n de estos datos (RGPD), velando en todo momento por garantizar un correcto uso y tratamiento de los datos personales del usuario.<\/p>\n<h5>\u00bfQU\u00c9 DATOS RECOPILAMOS A TRAV\u00c9S DE LA WEB?<\/h5>\n<p>Puede visitar y utilizar los servicios del Sitio Web sin identificarse ni revelar ninguna informaci\u00f3n personal sobre usted. Podemos tratar su IP, qu\u00e9 sistema operativo o navegador usa, e incluso la duraci\u00f3n de su visita de forma an\u00f3nima.<\/p>\n<p>Los \u00fanicos datos personales a los que el COLEGIO NI\u00d1O JES\u00daS IKASTETXEA tendr\u00e1 acceso ser\u00e1n aquellos que el usuario facilite voluntariamente cuando contacte con el COLEGIO NI\u00d1O JES\u00daS IKASTETXEA a trav\u00e9s de correo electr\u00f3nico o de cualquier otro modo previsto en la web.<\/p>\n<p>En concreto, el COLEGIO NI\u00d1O JES\u00daS IKASTETXEA registrar\u00e1 la siguiente informaci\u00f3n:<\/p>\n<ul>\n<li><strong>Datos facilitados a trav\u00e9s del formulario de contacto<\/strong>\u00a0que, el usuario interesado en obtener informaci\u00f3n sobre nuestros servicios o realizar cualquier tipo de consulta o solicitud, facilita a<strong>l<\/strong> COLEGIO NI\u00d1O JES\u00daS IKASTETXEA<\/li>\n<li><strong>Datos facilitados a trav\u00e9s de la secci\u00f3n \u201cTrabaja con nosotros\u201d<\/strong>, incluidos los curr\u00edculums que los usuarios nos env\u00edan<\/li>\n<li><strong>Datos facilitados mediante el env\u00edo de correos electr\u00f3nicos\u00a0<\/strong>a las direcciones que se identifiquen en la web<\/li>\n<li><strong>Datos facilitados mediante la cumplimentaci\u00f3n de los formularios <\/strong>o uso de las funcionalidades ofrecidas en cada momento en la web<\/li>\n<\/ul>\n<h5>\u00bfCU\u00c1L ES LA LEGITIMACI\u00d3N PARA EL TRATAMIENTO DE SUS DATOS?<\/h5>\n<h2><\/h2>\n<p>La base legal de los tratamientos es el consentimiento otorgado por los usuarios prestado mediante la aceptaci\u00f3n de la presente Pol\u00edtica de Privacidad y las casillas correspondientes, e implicar\u00e1 que ha sido informado y ha otorgado expresamente su consentimiento al contenido de la cl\u00e1usula anexada a dicho formulario o aceptaci\u00f3n de la pol\u00edtica de privacidad.<\/p>\n<h5>\u00bfCON QU\u00c9 FINALIDAD VAMOS A TRATAR SUS DATOS PERSONALES?<\/h5>\n<p>De conformidad con el Reglamento (UE) 2016\/679 del Parlamento Europeo y del Consejo, de 27 de abril de 2016, relativo a la protecci\u00f3n de las personas f\u00edsicas en lo que respecta al tratamiento de datos personales y a la libre circulaci\u00f3n de estos datos (RGPD), le informamos que los datos de car\u00e1cter personal que voluntariamente nos facilite a trav\u00e9s de los distintos formularios de entrada dispuestos al efecto en el Sitio Web o en cualquier otro canal de recogida de los mismos, ser\u00e1n incorporados a los registros de tratamiento responsabilidad del COLEGIO NI\u00d1O JES\u00daS IKASTETXEA para la gesti\u00f3n de los datos \u00a0recogidos con las siguientes finalidades:<\/p>\n<ul>\n<li>Solucionar cualquier consulta, solicitud o petici\u00f3n realizada<\/li>\n<li>Gestionar el servicio solicitado, contestar su solicitud, sugerencia o tramitar su petici\u00f3n<\/li>\n<li>Gesti\u00f3n, administraci\u00f3n, tramitaci\u00f3n de formularios e inscripciones, y prestaci\u00f3n de los servicios solicitados<\/li>\n<li>Mantener y gestionar la relaci\u00f3n contractual<\/li>\n<li>Darse de alta como usuario Inika, software de gesti\u00f3n acad\u00e9mica<\/li>\n<li>Gestionar el apartado Bolsa de empleo para valorar y gestionar su posible participaci\u00f3n en los procesos de selecci\u00f3n de personal, presentes o futuros<\/li>\n<li>Mantener comunicaciones de car\u00e1cter informativo que la entidad considere de su inter\u00e9s a trav\u00e9s de cualquier medio facilitado voluntariamente que versen sobre productos y\/o servicios similares a los solicitados. En cuyos casos, solo con las finalidades y los usos exclusivamente necesarios para el que fueron requeridos sus servicios, no pudiendo usar los mismos para un fin distinto. Para cualquier cesi\u00f3n distinta de lo especificado anteriormente, usted ser\u00e1 debidamente informado, pudiendo ejercer su derecho de oposici\u00f3n en cualquier momento.<\/li>\n<li>Realizar an\u00e1lisis y mejoras en la web sobre nuevos servicios<\/li>\n<li>Darse de baja de nuestros servicios<\/li>\n<li>Cualquier otra finalidad a la que se refieran los formularios y funcionalidades ofrecidas en cada momento a trav\u00e9s del Portal<\/li>\n<\/ul>\n<h5>\u00bfA QU\u00c9 DESTINATARIOS SE COMUNICAR\u00c1N SUS DATOS?<\/h5>\n<p>Los datos recabados son los adecuados, pertinentes y no excesivos en relaci\u00f3n con el \u00e1mbito y finalidades descritos. Sus datos ser\u00e1n tratados y almacenados cumpliendo con las medidas de seguridad descritas seg\u00fan normativa vigente y garantizando en todo momento su integridad y confidencialidad.<\/p>\n<p>Sus datos no se ceder\u00e1n a terceros, salvo obligaci\u00f3n legal ni ser\u00e1n compartidos con empresas ni entidades ajenas al COLEGIO NI\u00d1O JES\u00daS IKASTETXEA. Se le informa de las siguientes posibles cesiones de sus datos:<\/p>\n<ul>\n<li>a estamentos p\u00fablicos y privados necesarios para el cumplimiento de las obligaciones legales en virtud de la normativa vigente<\/li>\n<li>a profesionales y empresas de asesoramiento legal, consultor\u00eda y\/o auditor\u00eda<\/li>\n<li>a la empresa que gestiona el software de gesti\u00f3n acad\u00e9mica<\/li>\n<li>al Gobierno Vasco, Dpto. de Educaci\u00f3n<\/li>\n<li>a los encargados del tratamiento necesarios para la ejecuci\u00f3n del contrato correspondiente de prestaci\u00f3n de servicios<\/li>\n<li>a empresas encargadas de nuestro soporte y mantenimiento web<\/li>\n<li>a empresas encargadas de nuestro soporte y mantenimiento sistema inform\u00e1tico<\/li>\n<li>a empresas encargadas de nuestro soporte y mantenimiento software de gesti\u00f3n<\/li>\n<li>a empresas encargadas de nuestro soporte y mantenimiento servidor y servicio cloud<\/li>\n<li>en caso de que se produjera cualquier transferencia internacional de datos al usar aplicaciones, se llevar\u00eda a cabo con estricto cumplimiento y con todas las garant\u00edas necesarias para el cumplimiento de las pol\u00edticas de protecci\u00f3n de datos europeas en materia de privacidad<\/li>\n<li>al resto de empresas, entidades y colaboradores para gestiones administrativas y\/o comerciales, para la gesti\u00f3n de las finalidades anteriormente descritas, para la prestaci\u00f3n de servicios y la correcta gesti\u00f3n de la entidad y de sus diferentes actividades<\/li>\n<\/ul>\n<p>En cuyos casos, solo con las finalidades y los usos exclusivamente necesarios para el desarrollo de su actividad para el que fueron requeridos sus servicios, no pudiendo usar los mismos para un fin distinto. Para cualquier cesi\u00f3n distinta de lo especificado anteriormente, usted ser\u00e1 debidamente informado, pudiendo ejercer su derecho de oposici\u00f3n en cualquier momento.<\/p>\n<p>El consentimiento se entender\u00e1 prestado en tanto no nos comunique expresamente la revocaci\u00f3n del mismo a alguno de los tratamientos indicados anteriormente.<\/p>\n<p>Al facilitarnos su email y\/o tel\u00e9fono, usted consiente expresamente que nos podamos poner en contacto con usted a trav\u00e9s de estos medios.<\/p>\n<p>El usuario del Sitio Web ser\u00e1 el \u00fanico responsable de la veracidad y exactitud de los datos aportados, actuando el COLEGIO NI\u00d1O JES\u00daS IKASTETXEA de buena fe como mero prestador del servicio. En caso de haber facilitado datos falsos o de terceras personas sin mediar su consentimiento para ello, el COLEGIO NI\u00d1O JES\u00daS IKASTETXEA se reserva el derecho a la destrucci\u00f3n inmediata de los citados datos a fin de proteger el derecho del titular o titulares de los mismos eximi\u00e9ndose el COLEGIO NI\u00d1O JES\u00daS IKASTETXEA de cualquier responsabilidad por el incumplimiento de este requisito.<\/p>\n<p>El COLEGIO NI\u00d1O JES\u00daS IKASTETXEA se compromete al cumplimiento de su obligaci\u00f3n de secreto de los datos de car\u00e1cter personal y de su deber de guardarlos y adoptar\u00e1 todas las medidas de \u00edndole t\u00e9cnica y organizativa para garantizar la seguridad de los datos de car\u00e1cter personal y evitar su alteraci\u00f3n, p\u00e9rdida, tratamiento o acceso no autorizado, habida cuenta del estado de la tecnolog\u00eda, la naturaleza de los datos almacenados y los riesgos a que est\u00e9n expuestos, todo ello de conformidad con lo establecido en la normativa.<\/p>\n<h5>\u00bfDATOS DE MENORES?<\/h5>\n<p>No tratamos datos de menores de 14 a\u00f1os. Por tanto, abst\u00e9ngase de facilitarlos si no tiene esa edad o, en su caso, de facilitar datos de terceros que no tengan la citada edad. El COLEGIO NI\u00d1O JES\u00daS IKASTETXEA se exime de cualquier responsabilidad por el incumplimiento de esta previsi\u00f3n<\/p>\n<h5>\u00bfQU\u00c9 DERECHOS TIENE?<\/h5>\n<ul>\n<li>A saber si estamos tratando sus datos o no<\/li>\n<li>A acceder a sus datos personales<\/li>\n<li>A solicitar la rectificaci\u00f3n de sus datos si son inexactos<\/li>\n<li>A solicitar la supresi\u00f3n de sus datos si ya no son necesarios para los fines para los que fueron recogidos o si nos retira el consentimiento otorgado<\/li>\n<li>A solicitar la limitaci\u00f3n del tratamiento de sus datos, en algunos supuestos, en cuyo caso solo los conservaremos de acuerdo con la normativa vigente<\/li>\n<li>A portar sus datos, que le ser\u00e1n facilitados en un formato estructurado, de uso com\u00fan o lectura mec\u00e1nica. Si lo prefiere, se los podemos enviar al nuevo responsable que nos designe. Solo es v\u00e1lido en determinados supuestos<\/li>\n<li>A presentar una reclamaci\u00f3n ante la Agencia Espa\u00f1ola de Protecci\u00f3n de Datos o autoridad de control competente, si cree que no le hemos atendido correctamente<\/li>\n<li>A revocar el consentimiento para cualquier tratamiento para el que haya consentido, en cualquier momento.<\/li>\n<\/ul>\n<p>Si modifica alg\u00fan dato, le agradecemos que nos lo comunique para mantenerlos actualizados.<\/p>\n<p>El usuario del Sitio Web podr\u00e1 en cualquier momento ejercer estos derechos en los t\u00e9rminos establecidos en la normativa vigente, dirigi\u00e9ndose al responsable del tratamiento:<\/p>\n<ul>\n<li>Por escrito a la direcci\u00f3n de la entidad: Calle Beato Tom\u00e1s de Zum\u00e1rraga, 24 (01008 Vitoria-Gasteiz, Alava)<\/li>\n<li>Por correo electr\u00f3nico a la direcci\u00f3n <a href=\"mailto:protecciondedatos@njesus.com\">protecciondedatos@njesus.com<\/a><\/li>\n<li>En su caso, puede contactar con el Delegado de Protecci\u00f3n de Datos dirigi\u00e9ndose por escrito a la direcci\u00f3n de correo <a href=\"mailto:direcionnj@njesus.com\">direcionnj@njesus.com<\/a> o a la direcci\u00f3n postal anteriormente indicada<\/li>\n<\/ul>\n<h5>\u00bfQUIERE UN FORMULARIO PARA EL EJERCICIO DE SUS DERECHOS?<\/h5>\n<p>Tenemos formularios para el ejercicio de sus derechos, p\u00eddanoslos por email o si lo prefiere, puede usar los elaborados por la Agencia Espa\u00f1ola de Protecci\u00f3n de Datos o terceros. Estos formularios deben ir firmados electr\u00f3nicamente o ser acompa\u00f1ados de fotocopia del DNI. Si se representa a alguien, debe adjuntarnos copia de su DNI, o que lo firme con su firma electr\u00f3nica.<\/p>\n<h5>\u00bfCU\u00c1NTO TARDAMOS EN CONTESTARLE AL EJERCICIO DE DERECHOS?<\/h5>\n<p>Depende del derecho, pero como m\u00e1ximo en un mes desde su solicitud, y dos meses si el tema es muy complejo y le notificamos que necesitamos m\u00e1s tiempo<\/p>\n<h5>\u00bfDURANTE CU\u00c1NTO TIEMPO VAMOS A MANTENER SUS DATOS PERSONALES?<\/h5>\n<ul>\n<li>Los datos personales ser\u00e1n mantenidos mientras siga vinculado con nosotros<\/li>\n<li>Una vez se desvincule, los datos personales tratados en cada finalidad se mantendr\u00e1n durante los plazos legalmente previstos, incluido el plazo en el que un Juez o Tribunal los pueda requerir atendiendo al plazo de prescripci\u00f3n de acciones judiciales<\/li>\n<li>Los datos tratados se mantendr\u00e1n en tanto no expiren los plazos legales aludidos anteriormente, si hubiera obligaci\u00f3n legal de mantenimiento, o de no existir ese plazo legal, hasta que el interesado solicite su supresi\u00f3n o revoque el consentimiento otorgado<\/li>\n<li>Mantendremos toda la informaci\u00f3n y comunicaciones relativas a la prestaci\u00f3n de nuestro servicio, mientras duren las garant\u00edas de los servicios para atender posibles reclamaciones<\/li>\n<li>En el caso de los datos personales facilitados a trav\u00e9s de la secci\u00f3n \u201cTrabaja con nosotros\u201d, mantendremos los datos personales durante un plazo m\u00e1ximo de un a\u00f1o. Entendemos que pasado ese periodo, sus datos pueden estar desactualizados, por lo que procederemos a la supresi\u00f3n de toda su informaci\u00f3n.<\/li>\n<li>Transcurridos los citados plazos, los datos personales de los usuarios podr\u00e1n ser bloqueados y mantenidos por el COLEGIO NI\u00d1O JES\u00daS IKASTETXEA para la atenci\u00f3n de las posibles responsabilidades nacidas del tratamiento y s\u00f3lo durante el plazo de prescripci\u00f3n de dichas responsabilidades. Pasado dicho periodo, los datos personales ser\u00e1n borrados por el COLEGIO NI\u00d1O JES\u00daS IKASTETXEA<\/li>\n<\/ul>\n<h5>\u00bfSEGURIDAD, COOKIES Y DIRECCIONES IP?<\/h5>\n<p>El Sitio Web utiliza t\u00e9cnicas de seguridad de la informaci\u00f3n generalmente aceptadas en la industria, tales como firewalls, procedimientos de control de acceso y mecanismos criptogr\u00e1ficos, todo ello con el objeto de evitar el acceso no autorizado a los datos. Para lograr estos fines, el usuario acepta que el prestador obtenga datos para efectos de la correspondiente autenticaci\u00f3n de los controles de acceso.<\/p>\n<h5>NOTIFICACI\u00d3N DE BRECHAS DE LA SEGURIDAD DE LOS DATOS PERSONALES<\/h5>\n<p>En caso de vulnerarse la seguridad de los datos personales, a menos que sea improbable que dicha violaci\u00f3n de la seguridad constituya un riesgo para los derechos y las libertades de las personas f\u00edsicas, el COLEGIO NI\u00d1O JES\u00daS IKASTETXEA notificar\u00e1 a la Agencia Espa\u00f1ola de Protecci\u00f3n de Datos antes de transcurridas 72 horas despu\u00e9s de que haya tenido constancia del incidente, describiendo la naturaleza de la violaci\u00f3n, las posibles consecuencias que pudieran derivarse y las medidas adoptadas o propuestas para poner remedio a la brecha de seguridad; y si fuera posible, se har\u00e1 saber cu\u00e1les son las categor\u00edas y el n\u00famero aproximado de interesados y datos afectados.<\/p>\n<p>Asimismo, el COLEGIO NI\u00d1O JES\u00daS IKASTETXEA notificar\u00e1 a los interesados, a la mayor brevedad posible, cuando sea probable que la violaci\u00f3n de la seguridad de los datos personales entra\u00f1e un alto riesgo para los derechos y libertades de las personas f\u00edsicas, describiendo las posibles consecuencias que pudieran derivarse y las medidas adoptadas o propuestas para poner remedio a la brecha de seguridad.<\/p>\n<h5><u>USO DE COOKIES Y DEL FICHERO DE ACTIVIDAD<\/u><\/h5>\n<p>Si usamos otro tipo de cookies que no sean las necesarias, podr\u00e1 consultar la pol\u00edtica de cookies en el enlace correspondiente desde el inicio de nuestra web.<\/p>\n<p>El prestador por su propia cuenta o la de un tercero contratado para la prestaci\u00f3n de servicios de medici\u00f3n, pueden utilizar cookies cuando un usuario navega por el Sitio Web. Las cookies son ficheros enviados al navegador por medio de un servidor web con la finalidad de registrar las actividades del usuario durante su tiempo de navegaci\u00f3n. Las cookies utilizadas por el Sitio Web se asocian \u00fanicamente con un usuario an\u00f3nimo y su ordenador, y no proporcionan por s\u00ed mismas los datos personales del usuario. Mediante el uso de las cookies resulta posible que el servidor donde se encuentra la web, reconozca el navegador web utilizado por el usuario con la finalidad de que la navegaci\u00f3n sea m\u00e1s sencilla, permitiendo, por ejemplo, el acceso a los usuarios que se hayan registrado previamente, acceder a las \u00e1reas, servicios, promociones o concursos reservados exclusivamente a ellos sin tener que registrarse en cada visita. Se utilizan tambi\u00e9n para medir la audiencia y par\u00e1metros del tr\u00e1fico, controlar el progreso y n\u00famero de entradas. El usuario tiene la posibilidad de configurar su navegador para ser avisado de la recepci\u00f3n de cookies y para impedir su instalaci\u00f3n en su equipo. Por favor, consulte las instrucciones y manuales de su navegador para ampliar esta informaci\u00f3n. Para utilizar el Sitio Web, no resulta necesario que el usuario permita la instalaci\u00f3n de las cookies enviadas por el Sitio Web, o el tercero que act\u00fae en su nombre, sin perjuicio de que sea necesario que el usuario inicie una sesi\u00f3n como tal en cada uno de los servicios cuya prestaci\u00f3n requiera el previo registro o login. Las cookies utilizadas en este Sitio Web tienen, en todo caso, car\u00e1cter temporal con la \u00fanica finalidad de hacer m\u00e1s eficaz su transmisi\u00f3n ulterior. En ning\u00fan caso se utilizar\u00e1n las cookies para recoger informaci\u00f3n de car\u00e1cter personal.<\/p>\n<h5><u>DIRECCIONES IP<\/u><\/h5>\n<p>Los servidores del Sitio Web podr\u00e1n detectar de manera autom\u00e1tica la direcci\u00f3n IP y el nombre de dominio utilizados por el usuario. Una direcci\u00f3n IP es un n\u00famero asignado autom\u00e1ticamente a un ordenador cuando \u00e9sta se conecta a Internet. Toda esta informaci\u00f3n es registrada en un fichero de actividad del servidor debidamente inscrito que permite el posterior procesamiento de los datos con el fin de obtener mediciones \u00fanicamente estad\u00edsticas que permitan conocer el n\u00famero de impresiones de p\u00e1ginas, el n\u00famero de visitas realizadas a los servicios web, el orden de visitas, el punto de acceso, etc.<\/p>\n<p>[\/et_pb_text][\/et_pb_column][\/et_pb_row][\/et_pb_section]<\/p>\n","protected":false},"excerpt":{"rendered":"<p>Pol\u00edtica de Privacidad Esta Pol\u00edtica de Privacidad tiene por objeto informar a los usuarios sobre la recogida y tratamiento de los datos personales obtenidos a trav\u00e9s de la web njesusikastetxea.com (en adelante \u201cel Sitio Web\u201d) El COLEGIO NI\u00d1O JES\u00daS IKASTETXEA cumple con las directrices del Reglamento (UE) 2016\/679 del Parlamento Europeo y del Consejo, de [&hellip;]<\/p>\n","protected":false},"author":1,"featured_media":0,"parent":0,"menu_order":0,"comment_status":"closed","ping_status":"closed","template":"","meta":{"_et_pb_use_builder":"on","_et_pb_old_content":"","_et_gb_content_width":"","footnotes":""},"dipi_cpt_category":[],"class_list":["post-25961449","page","type-page","status-publish","hentry"],"_links":{"self":[{"href":"https:\/\/njesusikastetxea.com\/eu\/wp-json\/wp\/v2\/pages\/25961449","targetHints":{"allow":["GET"]}}],"collection":[{"href":"https:\/\/njesusikastetxea.com\/eu\/wp-json\/wp\/v2\/pages"}],"about":[{"href":"https:\/\/njesusikastetxea.com\/eu\/wp-json\/wp\/v2\/types\/page"}],"author":[{"embeddable":true,"href":"https:\/\/njesusikastetxea.com\/eu\/wp-json\/wp\/v2\/users\/1"}],"replies":[{"embeddable":true,"href":"https:\/\/njesusikastetxea.com\/eu\/wp-json\/wp\/v2\/comments?post=25961449"}],"version-history":[{"count":4,"href":"https:\/\/njesusikastetxea.com\/eu\/wp-json\/wp\/v2\/pages\/25961449\/revisions"}],"predecessor-version":[{"id":25961456,"href":"https:\/\/njesusikastetxea.com\/eu\/wp-json\/wp\/v2\/pages\/25961449\/revisions\/25961456"}],"wp:attachment":[{"href":"https:\/\/njesusikastetxea.com\/eu\/wp-json\/wp\/v2\/media?parent=25961449"}],"wp:term":[{"taxonomy":"dipi_cpt_category","embeddable":true,"href":"https:\/\/njesusikastetxea.com\/eu\/wp-json\/wp\/v2\/dipi_cpt_category?post=25961449"}],"curies":[{"name":"wp","href":"https:\/\/api.w.org\/{rel}","templated":true}]}}