{"id":25961554,"date":"2024-01-30T18:59:52","date_gmt":"2024-01-30T17:59:52","guid":{"rendered":"https:\/\/njesusikastetxea.com\/aviso-legal\/"},"modified":"2024-11-12T17:13:16","modified_gmt":"2024-11-12T16:13:16","slug":"lege-ohar","status":"publish","type":"page","link":"https:\/\/njesusikastetxea.com\/eu\/lege-ohar\/","title":{"rendered":"Lege ohar"},"content":{"rendered":"<p>[et_pb_section fb_built=&#8221;1&#8243; _builder_version=&#8221;4.24.0&#8243; _module_preset=&#8221;default&#8221; background_color=&#8221;RGBA(255,255,255,0)&#8221; background_enable_image=&#8221;off&#8221; parallax=&#8221;on&#8221; scroll_vertical_motion=&#8221;0|83|83|100|4|0|-4&#8243; motion_trigger_start=&#8221;top&#8221; collapsed=&#8221;off&#8221; global_colors_info=&#8221;{}&#8221;][et_pb_row _builder_version=&#8221;4.24.0&#8243; _module_preset=&#8221;default&#8221; global_colors_info=&#8221;{}&#8221;][et_pb_column type=&#8221;4_4&#8243; _builder_version=&#8221;4.24.0&#8243; _module_preset=&#8221;default&#8221; global_colors_info=&#8221;{}&#8221;][et_pb_text _builder_version=&#8221;4.24.0&#8243; _module_preset=&#8221;default&#8221; custom_padding=&#8221;||36px|||&#8221; global_colors_info=&#8221;{}&#8221;]<\/p>\n<p><strong>Aviso legal <\/strong><\/p>\n<p>Para dar cumplimiento a lo establecido en la Ley 34\/2002, de 11 de julio, de Servicios de la Sociedad de la Informaci\u00f3n y de Comercio Electr\u00f3nico, a continuaci\u00f3n indicamos los datos de la informaci\u00f3n general de nuestro Sitio Web njesusikastetxea.com:<\/p>\n<h2>\u00a0<\/h2>\n<h5>\u00bfQUI\u00c9N ES EL RESPONSABLE DEL TRATAMIENTO DE SUS DATOS?<\/h5>\n<p><strong>DENOMINACI\u00d3N SOCIAL:<\/strong> COLEGIO NI\u00d1O JES\u00daS IKASTETXEA FEV<\/p>\n<p><strong>NIF\/CIF:<\/strong> G87804688<\/p>\n<p><strong>DOMICILIO SOCIAL:<\/strong> CALLE BEATO TOM\u00c1S DE ZUM\u00c1RRAGA, 24 (01008 VITORIA-GASTEIZ, ALAVA)<\/p>\n<p><strong>DATOS DE INSCRIPCI\u00d3N EN EL REGISTRO DE ENTIDADES RELIGIOSAS: <\/strong>1638 G de la secci\u00f3n especial, grupo B, (N\u00ba 1638-g-SE\/B)<\/p>\n<p><strong>TEL\u00c9FONO:<\/strong> 945 242 858<\/p>\n<p><strong>DPO:<\/strong><strong>\u00a0<\/strong>El COLEGIO NI\u00d1O JES\u00daS IKASTETXEA dispone de un Delegado de Protecci\u00f3n de Datos con el que puede contactar a trav\u00e9s de njesusikastetxea.com o por escrito a la direcci\u00f3n postal se\u00f1alada arriba<\/p>\n<p><strong>DIRECCI\u00d3N DE CORREO ELECTR\u00d3NICO:<\/strong> <a href=\"mailto:protecciondedatos@njesus.com\">protecciondedatos@njesus.com<\/a><\/p>\n<p><strong>NOMBRE DE DOMINIO:<\/strong> njesusikastetxea.com<\/p>\n<p>Nuestra Web dispone de las medidas de seguridad de la informaci\u00f3n para evitar el acceso no autorizado a los datos personales.<\/p>\n<ul>\n<li>La aceptaci\u00f3n y consentimiento del interesado: En aquellos casos donde para realizar una solicitud sea necesario cumplimentar un formulario y hacer un \u201cclick\u201d en el bot\u00f3n de enviar, la realizaci\u00f3n del mismo implicar\u00e1 necesariamente que ha sido informado y ha otorgado expresamente su consentimiento al contenido de la cl\u00e1usula anexada a dicho formulario o aceptaci\u00f3n de la pol\u00edtica de privacidad.<\/li>\n<\/ul>\n<p>Todos nuestros formularios cuentan con el s\u00edmbolo * en los datos obligatorios. Si no facilitas esos campos, o no marcas el checkbox de aceptaci\u00f3n de la pol\u00edtica de privacidad, no se permitir\u00e1 el env\u00edo de la informaci\u00f3n. Normalmente tiene la siguiente f\u00f3rmula: \u201c<strong>X<\/strong> Soy mayor de 14 y he le\u00eddo y acepto la Pol\u00edtica de privacidad.\u201d<\/p>\n<h5>CONDICIONES GENERALES Y SU ACEPTACI\u00d3N<\/h5>\n<p>Estas condiciones generales regulan el uso de los servicios que el COLEGIO NI\u00d1O JES\u00daS IKASTETXEA pone a disposici\u00f3n de los usuarios del Sitio Web njesusikastetxea.com (en adelante \u201cel Sitio Web\u201d)<\/p>\n<p>La utilizaci\u00f3n de los servicios atribuye la condici\u00f3n de usuario y conlleva la aceptaci\u00f3n de las condiciones generales en el momento en el que el usuario acceda a los mismos.<\/p>\n<p>El Sitio Web ha sido creado para publicar su oferta de servicios, y para facilitar la contrataci\u00f3n de los mismos.<\/p>\n<p>Si accede a este Sitio Web est\u00e1 declarando ser mayor de edad y estar facultado de la capacidad legal suficiente para vincularse a los t\u00e9rminos y condiciones que se ponen a su predisposici\u00f3n, y que lo hace bajo su \u00fanica y exclusiva responsabilidad. Si no estuviese conforme con el contenido de los presentes t\u00e9rminos, debe desamparar el Sitio Web.<\/p>\n<p>El acceso al Sitio Web es libre y gratis para poder informarle de los servicios ofertados.<\/p>\n<p>El usuario podr\u00e1 navegar y usar la Web sin necesidad de aportar ning\u00fan dato de car\u00e1cter personal. Los \u00fanicos datos personales a los que el COLEGIO NI\u00d1O JES\u00daS IKASTETXEA tendr\u00e1 acceso ser\u00e1n aquellos que el usuario facilite voluntariamente cuando contacte con el COLEGIO NI\u00d1O JES\u00daS IKASTETXEA a trav\u00e9s de correo electr\u00f3nico o de cualquier otro modo previsto en la Web. Si se recogen datos personales a trav\u00e9s de cookies, se le informar\u00e1 debidamente a trav\u00e9s de la Pol\u00edtica de Cookies as\u00ed como a trav\u00e9s de los cauces que requiere la legislaci\u00f3n vigente.<\/p>\n<h5>OBJETO<\/h5>\n<p>Las presentes condiciones generales regulan todos los servicios ofrecidos a trav\u00e9s del Sitio Web, env\u00edo por parte del usuario de archivos de todo tipo (ya sean fotograf\u00edas, v\u00eddeos, documentos grabaciones de audio o cualquier otro material) y cualquier otro, as\u00ed como la utilizaci\u00f3n de los mismos por parte de los usuarios<\/p>\n<p>&nbsp;<\/p>\n<h5>DATOS DE CAR\u00c1CTER PERSONAL<\/h5>\n<p>El COLEGIO NI\u00d1O JES\u00daS IKASTETXEA cumple con las directrices del Reglamento (UE) 2016\/679 del Parlamento Europeo y del Consejo, de 27 de abril de 2016, relativo a la protecci\u00f3n de las personas f\u00edsicas en lo que respecta al tratamiento de datos personales y a la libre circulaci\u00f3n de estos datos (RGPD), velando en todo momento por garantizar un correcto uso y tratamiento de los datos personales del usuario.<\/p>\n<h5>DATOS DEL RESPONSABLE DEL TRATAMIENTO<\/h5>\n<p>COLEGIO NI\u00d1O JES\u00daS IKASTETXEA con CIF R0100139E\u00a0y domicilio en Calle Beato Tom\u00e1s de Zum\u00e1rraga, 24 (01008 Vitoria-Gasteiz) y como responsable de los registros de tratamiento correspondientes para la gesti\u00f3n de los datos recogidos.<\/p>\n<h5>DATOS DEL USUARIO<\/h5>\n<p>Por medio del presente escrito se le informa que los datos personales facilitados voluntariamente por usted ser\u00e1n incorporados a los registros de tratamiento responsabilidad de nuestra entidad y \u00a0pasar\u00e1n a formar parte de nuestra base de datos.<\/p>\n<p>No tratamos datos de menores de 14 a\u00f1os. Por tanto, abst\u00e9ngase de facilitarlos si no tiene esa edad o, en su caso, de facilitar datos de terceros que no tengan la citada edad. El COLEGIO NI\u00d1O JES\u00daS IKASTETXEA se exime de cualquier responsabilidad por el incumplimiento de esta previsi\u00f3n.<\/p>\n<p>El usuario \u00a0del Sitio Web ser\u00e1 el \u00fanico responsable de la veracidad y exactitud de los datos aportados, actuando\u00a0 el COLEGIO NI\u00d1O JES\u00daS IKASTETXEA de buena fe como mero prestador de los servicios. En caso de haber facilitado datos falsos o de terceras personas sin mediar su consentimiento para ello, el COLEGIO NI\u00d1O JES\u00daS IKASTETXEA se reserva el derecho a la destrucci\u00f3n inmediata de los citados datos a fin de proteger el derecho del titular o titulares de los mismos eximi\u00e9ndose el COLEGIO NI\u00d1O JES\u00daS IKASTETXEA de cualquier responsabilidad por el incumplimiento de este requisito.<\/p>\n<p>El COLEGIO NI\u00d1O JES\u00daS IKASTETXEA se compromete al cumplimiento de su obligaci\u00f3n de secreto de los datos de car\u00e1cter personal y de su deber de guardarlos y adoptar\u00e1 todas las medidas de \u00edndole t\u00e9cnica y organizativa para garantizar la seguridad de los datos de car\u00e1cter personal y evitar su alteraci\u00f3n, p\u00e9rdida, tratamiento o acceso no autorizado, habida cuenta del estado de la tecnolog\u00eda, la naturaleza de los datos almacenados y los riesgos a que est\u00e9n expuestos, todo ello de conformidad con lo establecido en la normativa.<\/p>\n<h5>FUNCIONAMIENTO WEB<\/h5>\n<p>El COLEGIO NI\u00d1O JES\u00daS IKASTETXEA no puede asegurar que no se generen interrupciones o bien fallos en el acceso al Sitio Web. Sin embargo, existe el firme compromiso, tan pronto como tenga conocimiento de semejantes incidencias, de hacer todas y cada una de las actuaciones dirigidas a su restablecimiento o bien reparaci\u00f3n, salvo la concurrencia de causas extra\u00f1as a la voluntad del COLEGIO NI\u00d1O JES\u00daS IKASTETXEA que lo imposibiliten o bien compliquen su ejecuci\u00f3n.<\/p>\n<p>El COLEGIO NI\u00d1O JES\u00daS IKASTETXEA no va a ser responsable en ning\u00fan caso de los perjuicios o bien da\u00f1os de cualquier clase que pudiesen causar la visita a esta Web, as\u00ed sea por fallo o bien omisi\u00f3n en los contenidos o bien por la transmisi\u00f3n de alg\u00fan programa malicioso que se genere pese a haber tomado las medidas tecnol\u00f3gicas precisas para evitarlo, ni le podr\u00e1n ser exigidas responsabilidades por la interrupci\u00f3n del servicio, inadecuado funcionamiento o imposibilidad de acceso al servicio.<\/p>\n<p>Cualquier usuario que inserte un contenido que contravenga la legalidad vigente asumir\u00e1 la responsabilidad exclusiva de los perjuicios y consecuencias derivadas de la misma, eximiendo al COLEGIO NI\u00d1O JES\u00daS IKASTETXEA de cualquier responsabilidad.<\/p>\n<h5>PROPIEDAD INTELECTUAL E INDUSTRIAL<\/h5>\n<p>La totalidad de los elementos y\/o contenidos puestos a su predisposici\u00f3n en el Sitio Web han sido creados por el COLEGIO NI\u00d1O JES\u00daS IKASTETXEA o bien exactamente la misma dispone de una licencia o bien autorizaci\u00f3n para su utilizaci\u00f3n.<\/p>\n<p>Por ende, todos esos elementos y\/o contenidos (semejantes como: im\u00e1genes, audio, v\u00eddeo, software o bien textos; marcas o bien logos, combinaciones de colores, estructura y dise\u00f1o, aplicaciones precisas para su funcionamiento, acceso y empleo, etc\u00e9tera) y los derechos que se pueden ostentar sobre exactamente los mismos, son de titularidad exclusiva del COLEGIO NI\u00d1O JES\u00daS IKASTETXEA.<\/p>\n<p>Independientemente de la finalidad para la que fueran destinados, la reproducci\u00f3n total o parcial, uso, explotaci\u00f3n, distribuci\u00f3n y comercializaci\u00f3n, requiere en todo caso de la autorizaci\u00f3n escrita previa por parte del titular del dominio.<\/p>\n<p>El usuario se compromete a no realizar ning\u00fan acto en contra de los derechos de propiedad intelectual o industrial del autor.<\/p>\n<h5>USO DE ENLACES<\/h5>\n<p>El COLEGIO NI\u00d1O JES\u00daS IKASTETXEA no acepta ning\u00fan g\u00e9nero de responsabilidad, siquiera de manera indirecta o bien subsidiaria, por los contenidos, informaciones, comunicaciones, creencias o bien servicios enlazados desde esos Sitios Webs no gestionados por el COLEGIO NI\u00d1O JES\u00daS IKASTETXEA y que resulten alcanzables mediante la Web, ni garantiza la ausencia de virus o bien otros elementos en exactamente los mismos que puedan generar perturbaciones en el sistema inform\u00e1tico (hardware y software), en los documentos o bien los archivos del usuario, excluyendo cualquier responsabilidad por los da\u00f1os de cualquier tipo ocasionados al usuario por esta raz\u00f3n.<\/p>\n<h5>INCUMPLIMIENTO DE LAS CONDICIONES<\/h5>\n<p>Cualquier incumplimiento puede ser perseguido, as\u00ed como cualquier uso indebido de la Web, pudiendo el COLEGIO NI\u00d1O JES\u00daS IKASTETXEA ejercitar cuantas acciones legales le correspondan en defensa de sus leg\u00edtimos intereses. Incluso se reserva el derecho de limitar o prohibir el acceso a usuarios que la incumplan.<\/p>\n<h5>LEGISLACI\u00d3N APLICABLE<\/h5>\n<p>Estas condiciones legales se han redactado en base a la legislaci\u00f3n Espa\u00f1ola.<\/p>\n<h5>MODIFICACI\u00d3N DEL AVISO LEGAL<\/h5>\n<p>El COLEGIO NI\u00d1O JES\u00daS IKASTETXEA se reserva el derecho a introducir modificaciones en este Aviso Legal, por ello se aconseja a los Usuarios que lo visiten peri\u00f3dicamente.<\/p>\n<p>Cuando se produzcan cambios significativos en este Aviso Legal, se comunicar\u00e1n a los usuarios para su aceptaci\u00f3n mediante avisos en el Portal o a trav\u00e9s de correo electr\u00f3nico o bien trav\u00e9s de cualquier otro procedimiento adecuado seg\u00fan las circunstancias.<\/p>\n<p>[\/et_pb_text][\/et_pb_column][\/et_pb_row][\/et_pb_section]<\/p>\n","protected":false},"excerpt":{"rendered":"<p>Aviso legal Para dar cumplimiento a lo establecido en la Ley 34\/2002, de 11 de julio, de Servicios de la Sociedad de la Informaci\u00f3n y de Comercio Electr\u00f3nico, a continuaci\u00f3n indicamos los datos de la informaci\u00f3n general de nuestro Sitio Web njesusikastetxea.com: \u00a0 \u00bfQUI\u00c9N ES EL RESPONSABLE DEL TRATAMIENTO DE SUS DATOS? DENOMINACI\u00d3N SOCIAL: COLEGIO [&hellip;]<\/p>\n","protected":false},"author":1,"featured_media":0,"parent":0,"menu_order":0,"comment_status":"closed","ping_status":"closed","template":"","meta":{"_et_pb_use_builder":"on","_et_pb_old_content":"","_et_gb_content_width":"","footnotes":""},"dipi_cpt_category":[],"class_list":["post-25961554","page","type-page","status-publish","hentry"],"_links":{"self":[{"href":"https:\/\/njesusikastetxea.com\/eu\/wp-json\/wp\/v2\/pages\/25961554","targetHints":{"allow":["GET"]}}],"collection":[{"href":"https:\/\/njesusikastetxea.com\/eu\/wp-json\/wp\/v2\/pages"}],"about":[{"href":"https:\/\/njesusikastetxea.com\/eu\/wp-json\/wp\/v2\/types\/page"}],"author":[{"embeddable":true,"href":"https:\/\/njesusikastetxea.com\/eu\/wp-json\/wp\/v2\/users\/1"}],"replies":[{"embeddable":true,"href":"https:\/\/njesusikastetxea.com\/eu\/wp-json\/wp\/v2\/comments?post=25961554"}],"version-history":[{"count":2,"href":"https:\/\/njesusikastetxea.com\/eu\/wp-json\/wp\/v2\/pages\/25961554\/revisions"}],"predecessor-version":[{"id":25961557,"href":"https:\/\/njesusikastetxea.com\/eu\/wp-json\/wp\/v2\/pages\/25961554\/revisions\/25961557"}],"wp:attachment":[{"href":"https:\/\/njesusikastetxea.com\/eu\/wp-json\/wp\/v2\/media?parent=25961554"}],"wp:term":[{"taxonomy":"dipi_cpt_category","embeddable":true,"href":"https:\/\/njesusikastetxea.com\/eu\/wp-json\/wp\/v2\/dipi_cpt_category?post=25961554"}],"curies":[{"name":"wp","href":"https:\/\/api.w.org\/{rel}","templated":true}]}}